{"id":15871,"date":"2017-04-23T22:35:39","date_gmt":"2017-04-23T22:35:39","guid":{"rendered":"http:\/\/moral.com.br\/alpapato\/?page_id=15871"},"modified":"2017-04-23T23:07:40","modified_gmt":"2017-04-23T23:07:40","slug":"solicite","status":"publish","type":"page","link":"http:\/\/moral.com.br\/alpapato\/solicite\/","title":{"rendered":"Solicite"},"content":{"rendered":"<div class=\"wpb-content-wrapper\"><p>[vc_row css_animation=&#8221;&#8221; row_type=&#8221;row&#8221; use_row_as_full_screen_section=&#8221;no&#8221; type=&#8221;full_width&#8221; angled_section=&#8221;no&#8221; text_align=&#8221;left&#8221; background_image_as_pattern=&#8221;without_pattern&#8221;][vc_column][vc_separator type=&#8221;transparent&#8221; up=&#8221;10&#8243;][vc_column_text]Para solicitar a doa\u00e7\u00e3o de um parque, preencha e envie o formul\u00e1rio abaixo que analisaremos a solicita\u00e7\u00e3o e em breve entraremos em contato.[\/vc_column_text][vc_separator type=&#8221;transparent&#8221; up=&#8221;10&#8243;]\n<div class=\"wpcf7 no-js\" id=\"wpcf7-f15873-o1\" lang=\"pt-BR\" dir=\"ltr\">\n<div class=\"screen-reader-response\"><p role=\"status\" aria-live=\"polite\" aria-atomic=\"true\"><\/p> <ul><\/ul><\/div>\n<form action=\"\/alpapato\/wp-json\/wp\/v2\/pages\/15871#wpcf7-f15873-o1\" method=\"post\" class=\"wpcf7-form init cf7_custom_style_2\" aria-label=\"Formul\u00e1rios de contato\" novalidate=\"novalidate\" data-status=\"init\">\n<div style=\"display: none;\">\n<input type=\"hidden\" name=\"_wpcf7\" value=\"15873\" \/>\n<input type=\"hidden\" name=\"_wpcf7_version\" value=\"5.9.5\" \/>\n<input type=\"hidden\" name=\"_wpcf7_locale\" value=\"pt_BR\" \/>\n<input type=\"hidden\" name=\"_wpcf7_unit_tag\" value=\"wpcf7-f15873-o1\" \/>\n<input type=\"hidden\" name=\"_wpcf7_container_post\" value=\"0\" \/>\n<input type=\"hidden\" name=\"_wpcf7_posted_data_hash\" value=\"\" \/>\n<\/div>\n<p><label> Seu nome (obrigat\u00f3rio)<br \/>\n<span class=\"wpcf7-form-control-wrap\" data-name=\"your-name\"><input size=\"40\" class=\"wpcf7-form-control wpcf7-text wpcf7-validates-as-required\" aria-required=\"true\" aria-invalid=\"false\" value=\"\" type=\"text\" name=\"your-name\" \/><\/span> <\/label>\n<\/p>\n<p><label> Seu e-mail (obrigat\u00f3rio)<br \/>\n<span class=\"wpcf7-form-control-wrap\" data-name=\"your-email\"><input size=\"40\" class=\"wpcf7-form-control wpcf7-email wpcf7-validates-as-required wpcf7-text wpcf7-validates-as-email\" aria-required=\"true\" aria-invalid=\"false\" value=\"\" type=\"email\" name=\"your-email\" \/><\/span> <\/label>\n<\/p>\n<p><label> Seu telefone (obrigat\u00f3rio)<br \/>\n<span class=\"wpcf7-form-control-wrap\" data-name=\"telefone\"><input size=\"40\" class=\"wpcf7-form-control wpcf7-tel wpcf7-validates-as-required wpcf7-text wpcf7-validates-as-tel\" aria-required=\"true\" aria-invalid=\"false\" value=\"\" type=\"tel\" name=\"telefone\" \/><\/span> <\/label>\n<\/p>\n<p><label>Cidade do local<br \/>\n<span class=\"wpcf7-form-control-wrap\" data-name=\"cidade\"><input size=\"40\" class=\"wpcf7-form-control wpcf7-text\" aria-invalid=\"false\" value=\"\" type=\"text\" name=\"cidade\" \/><\/span> <\/label>\n<\/p>\n<p><label>N\u00famero de crian\u00e7as com defici\u00eancia na institui\u00e7\u00e3o donat\u00e1ria (se houver)<br \/>\n<span class=\"wpcf7-form-control-wrap\" data-name=\"numero-criancas-deficiencia-instituicao\"><input size=\"40\" class=\"wpcf7-form-control wpcf7-text\" aria-invalid=\"false\" value=\"\" type=\"text\" name=\"numero-criancas-deficiencia-instituicao\" \/><\/span><\/label>\n<\/p>\n<p><label>N\u00famero de crian\u00e7as com defici\u00eancia na regi\u00e3o<br \/>\n<span class=\"wpcf7-form-control-wrap\" data-name=\"numero-criancas-regiao\"><input size=\"40\" class=\"wpcf7-form-control wpcf7-text\" aria-invalid=\"false\" value=\"\" type=\"text\" name=\"numero-criancas-regiao\" \/><\/span><\/label>\n<\/p>\n<p><label>H\u00e1 institui\u00e7\u00f5es servindo crian\u00e7as com defici\u00eancias na regi\u00e3o? Quais?<br \/>\n<span class=\"wpcf7-form-control-wrap\" data-name=\"instituicoes-criancas\"><input size=\"40\" class=\"wpcf7-form-control wpcf7-text\" aria-invalid=\"false\" value=\"\" type=\"text\" name=\"instituicoes-criancas\" \/><\/span><\/label>\n<\/p>\n<p><label>\u00c1rea dispon\u00edvel para o parque<br \/>\n<span class=\"wpcf7-form-control-wrap\" data-name=\"area-parque\"><input size=\"40\" class=\"wpcf7-form-control wpcf7-text\" aria-invalid=\"false\" value=\"\" type=\"text\" name=\"area-parque\" \/><\/span><\/label>\n<\/p>\n<p><label>\u00c1rea dispon\u00edvel \u00e9 plana?<br \/>\n<span class=\"wpcf7-form-control-wrap\" data-name=\"areaplana-parque\"><input size=\"40\" class=\"wpcf7-form-control wpcf7-text\" aria-invalid=\"false\" value=\"\" type=\"text\" name=\"areaplana-parque\" \/><\/span><\/label>\n<\/p>\n<p><label>\u00c1rea dispon\u00edvel \u00e9 cercada?<br \/>\n<span class=\"wpcf7-form-control-wrap\" data-name=\"area-cercada\"><input size=\"40\" class=\"wpcf7-form-control wpcf7-text\" aria-invalid=\"false\" value=\"\" type=\"text\" name=\"area-cercada\" \/><\/span><\/label>\n<\/p>\n<p><label>\u00c1rea dispon\u00edvel \u00e9 arborizada?<br \/>\n<span class=\"wpcf7-form-control-wrap\" data-name=\"area-arborizada\"><input size=\"40\" class=\"wpcf7-form-control wpcf7-text\" aria-invalid=\"false\" value=\"\" type=\"text\" name=\"area-arborizada\" \/><\/span><\/label>\n<\/p>\n<p><label>H\u00e1 transporte coletivo servindo o local? Qual?<br \/>\n<span class=\"wpcf7-form-control-wrap\" data-name=\"transporte-coletivo\"><input size=\"40\" class=\"wpcf7-form-control wpcf7-text\" aria-invalid=\"false\" value=\"\" type=\"text\" name=\"transporte-coletivo\" \/><\/span><\/label>\n<\/p>\n<p><label>H\u00e1 transporte para deficientes servindo o local?<br \/>\n<span class=\"wpcf7-form-control-wrap\" data-name=\"transporte-deficientes\"><input size=\"40\" class=\"wpcf7-form-control wpcf7-text\" aria-invalid=\"false\" value=\"\" type=\"text\" name=\"transporte-deficientes\" \/><\/span><\/label>\n<\/p>\n<p><label>O local \u00e9 acess\u00edvel a cadeirantes?<br \/>\n<span class=\"wpcf7-form-control-wrap\" data-name=\"acessivel-cadeirantes\"><input size=\"40\" class=\"wpcf7-form-control wpcf7-text\" aria-invalid=\"false\" value=\"\" type=\"text\" name=\"acessivel-cadeirantes\" \/><\/span><\/label>\n<\/p>\n<p><label>O local \u00e9 responsabilidade de alguma associa\u00e7\u00e3o? Qual?<br \/>\n<span class=\"wpcf7-form-control-wrap\" data-name=\"associacao\"><input size=\"40\" class=\"wpcf7-form-control wpcf7-text\" aria-invalid=\"false\" value=\"\" type=\"text\" name=\"associacao\" \/><\/span><\/label>\n<\/p>\n<p><label>H\u00e1 seguran\u00e7a no local?<br \/>\n<span class=\"wpcf7-form-control-wrap\" data-name=\"seguranca-local\"><input size=\"40\" class=\"wpcf7-form-control wpcf7-text\" aria-invalid=\"false\" value=\"\" type=\"text\" name=\"seguranca-local\" \/><\/span><\/label>\n<\/p>\n<p><label>O local \u00e9 seguro?<br \/>\n<span class=\"wpcf7-form-control-wrap\" data-name=\"local-seguro\"><input size=\"40\" class=\"wpcf7-form-control wpcf7-text\" aria-invalid=\"false\" value=\"\" type=\"text\" name=\"local-seguro\" \/><\/span><\/label>\n<\/p>\n<p><input class=\"wpcf7-form-control wpcf7-submit has-spinner\" type=\"submit\" value=\"Enviar\" \/>\n<\/p><div class=\"wpcf7-response-output\" aria-hidden=\"true\"><\/div>\n<\/form>\n<\/div>\n[\/vc_column][\/vc_row]<\/p>\n<\/div>","protected":false},"excerpt":{"rendered":"<p>[vc_row css_animation=&#8221;&#8221; row_type=&#8221;row&#8221; use_row_as_full_screen_section=&#8221;no&#8221; type=&#8221;full_width&#8221; angled_section=&#8221;no&#8221; text_align=&#8221;left&#8221; background_image_as_pattern=&#8221;without_pattern&#8221;][vc_column][vc_separator type=&#8221;transparent&#8221; up=&#8221;10&#8243;][vc_column_text]Para solicitar a doa\u00e7\u00e3o de um parque, preencha e envie o formul\u00e1rio abaixo que analisaremos a solicita\u00e7\u00e3o e em breve entraremos em contato.[\/vc_column_text][vc_separator type=&#8221;transparent&#8221; up=&#8221;10&#8243;][\/vc_column][\/vc_row]<\/p>\n","protected":false},"author":1,"featured_media":0,"parent":0,"menu_order":0,"comment_status":"closed","ping_status":"closed","template":"","meta":{"om_disable_all_campaigns":false,"footnotes":""},"class_list":["post-15871","page","type-page","status-publish","hentry"],"_links":{"self":[{"href":"http:\/\/moral.com.br\/alpapato\/wp-json\/wp\/v2\/pages\/15871","targetHints":{"allow":["GET"]}}],"collection":[{"href":"http:\/\/moral.com.br\/alpapato\/wp-json\/wp\/v2\/pages"}],"about":[{"href":"http:\/\/moral.com.br\/alpapato\/wp-json\/wp\/v2\/types\/page"}],"author":[{"embeddable":true,"href":"http:\/\/moral.com.br\/alpapato\/wp-json\/wp\/v2\/users\/1"}],"replies":[{"embeddable":true,"href":"http:\/\/moral.com.br\/alpapato\/wp-json\/wp\/v2\/comments?post=15871"}],"version-history":[{"count":6,"href":"http:\/\/moral.com.br\/alpapato\/wp-json\/wp\/v2\/pages\/15871\/revisions"}],"predecessor-version":[{"id":15879,"href":"http:\/\/moral.com.br\/alpapato\/wp-json\/wp\/v2\/pages\/15871\/revisions\/15879"}],"wp:attachment":[{"href":"http:\/\/moral.com.br\/alpapato\/wp-json\/wp\/v2\/media?parent=15871"}],"curies":[{"name":"wp","href":"https:\/\/api.w.org\/{rel}","templated":true}]}}