{"id":15788,"date":"2017-04-06T21:14:07","date_gmt":"2017-04-06T21:14:07","guid":{"rendered":"http:\/\/moral.com.br\/alpapato\/?page_id=15788"},"modified":"2017-04-20T14:34:56","modified_gmt":"2017-04-20T14:34:56","slug":"parque-apae-cascavel-pr","status":"publish","type":"page","link":"http:\/\/moral.com.br\/alpapato\/parque-apae-cascavel-pr\/","title":{"rendered":"Parque APAE de Cascavel"},"content":{"rendered":"<div class=\"wpb-content-wrapper\"><p>[vc_row css_animation=&#8221;&#8221; row_type=&#8221;row&#8221; use_row_as_full_screen_section=&#8221;no&#8221; type=&#8221;full_width&#8221; angled_section=&#8221;no&#8221; text_align=&#8221;left&#8221; background_image_as_pattern=&#8221;without_pattern&#8221;][vc_column][vc_row_inner row_type=&#8221;row&#8221; type=&#8221;full_width&#8221; text_align=&#8221;left&#8221; css_animation=&#8221;&#8221;][vc_column_inner width=&#8221;1\/3&#8243;]<div class='q_icon_with_title tiny normal_icon center'><div class=\"icon_holder \" style=\" \"><span data-icon-type=\"normal\"   style=\"\" class=\"qode_iwt_icon_holder q_font_awsome_icon fa-lg \"><i class=\"qode_icon_font_awesome fa fa-calendar qode_iwt_icon_element\" style=\"\" ><\/i><\/span><\/div><div class=\"icon_text_holder\" style=\"\"><div class=\"icon_text_inner\" style=\"\"><h5 class=\"icon_title\" style=\"\">Data de Inaugura\u00e7\u00e3o<\/h5><p style=''>14\/03\/2017<\/p><\/div><\/div><\/div>[\/vc_column_inner][vc_column_inner width=&#8221;1\/3&#8243;]<div class='q_icon_with_title tiny normal_icon center'><div class=\"icon_holder \" style=\" \"><span data-icon-type=\"normal\"   style=\"\" class=\"qode_iwt_icon_holder q_font_awsome_icon fa-lg \"><i class=\"qode_icon_font_awesome fa fa-arrows qode_iwt_icon_element\" style=\"\" ><\/i><\/span><\/div><div class=\"icon_text_holder\" style=\"\"><div class=\"icon_text_inner\" style=\"\"><h5 class=\"icon_title\" style=\"\">Endere\u00e7o<\/h5><p style=''>Rua Manaus, 3990, Recanto Tropical, Cascavel, PR<\/p><\/div><\/div><\/div>[\/vc_column_inner][vc_column_inner width=&#8221;1\/3&#8243;]<div class='q_icon_with_title tiny normal_icon center'><div class=\"icon_holder \" style=\" \"><span data-icon-type=\"normal\"   style=\"\" class=\"qode_iwt_icon_holder q_font_awsome_icon fa-lg \"><i class=\"qode_icon_font_awesome fa fa-clock-o qode_iwt_icon_element\" style=\"\" ><\/i><\/span><\/div><div class=\"icon_text_holder\" style=\"\"><div class=\"icon_text_inner\" style=\"\"><h5 class=\"icon_title\" style=\"\">Hor\u00e1rio de Funcionamento<\/h5><p style=''>Das 7h30min \u00e0s 11h - alunos APAE. Das 11h \u00e0s 15h - aberto \u00e0 comunidade. Das 15h \u00e0s 18h - alunos APAE<\/p><\/div><\/div><\/div>[\/vc_column_inner][\/vc_row_inner][vc_row_inner row_type=&#8221;row&#8221; type=&#8221;full_width&#8221; text_align=&#8221;left&#8221; css_animation=&#8221;&#8221;][vc_column_inner][vc_gallery type=&#8221;image_grid&#8221; images=&#8221;15789,15790,15791,15792,15794,15867,15868&#8243; column_number=&#8221;3&#8243; grayscale=&#8221;no&#8221; images_space=&#8221;gallery_with_space&#8221;][\/vc_column_inner][\/vc_row_inner][vc_single_image image=&#8221;15793&#8243; img_size=&#8221;full&#8221; qode_css_animation=&#8221;&#8221;][\/vc_column][\/vc_row][vc_row css_animation=&#8221;&#8221; row_type=&#8221;row&#8221; use_row_as_full_screen_section=&#8221;no&#8221; type=&#8221;full_width&#8221; angled_section=&#8221;no&#8221; text_align=&#8221;left&#8221; background_image_as_pattern=&#8221;without_pattern&#8221;][vc_column width=&#8221;1\/2&#8243;][\/vc_column][vc_column width=&#8221;1\/2&#8243;][\/vc_column][\/vc_row][vc_row css_animation=&#8221;&#8221; row_type=&#8221;row&#8221; use_row_as_full_screen_section=&#8221;no&#8221; type=&#8221;full_width&#8221; angled_section=&#8221;no&#8221; text_align=&#8221;left&#8221; background_image_as_pattern=&#8221;without_pattern&#8221;][vc_column][vc_separator type=&#8221;transparent&#8221; up=&#8221;15&#8243;][\/vc_column][\/vc_row][vc_row css_animation=&#8221;&#8221; row_type=&#8221;row&#8221; use_row_as_full_screen_section=&#8221;no&#8221; type=&#8221;full_width&#8221; angled_section=&#8221;no&#8221; text_align=&#8221;left&#8221; background_image_as_pattern=&#8221;without_pattern&#8221;][vc_column][vc_separator type=&#8221;normal&#8221;]<div class=\"social_share_list_holder\"><span>Compartilhe no:<\/span><ul><li class=\"facebook_share\"><a title=\"Compartilhe no Facebook\" href=\"javascript:void(0)\" onclick=\"window.open('http:\/\/www.facebook.com\/sharer.php?s=100&amp;p[title]=Parque+APAE+de+Cascavel&amp;p[url]=http%3A%2F%2Fmoral.com.br%2Falpapato%2Fparque-apae-cascavel-pr%2F&amp;p[images][0]=http:\/\/moral.com.br\/alpapato\/wp-content\/uploads\/2017\/04\/cascavel1.jpg&amp;p[summary]=%5Bvc_row+css_animation%3D%26%238221%3B%26%238221%3B+row_type%3D%26%238221%3Brow%26%238221%3B+use_row_as_full_screen_section%3D%26%238221%3Bno%26%238221%3B+type%3D%26%238221%3Bfull_width%26%238221%3B+angled_section%3D%26%238221%3Bno%26%238221%3B+text_align%3D%26%238221%3Bleft%26%238221%3B+background_image_as_pattern%3D%26%238221%3Bwithout_pattern%26%238221%3B%5D%5Bvc_column%5D%5Bvc_row_inner+row_type%3D%26%238221%3Brow%26%238221%3B+type%3D%26%238221%3Bfull_width%26%238221%3B+text_align%3D%26%238221%3Bleft%26%238221%3B+css_animation%3D%26%238221%3B%26%238221%3B%5D%5Bvc_column_inner+width%3D%26%238221%3B1%2F3%26%238243%3B%5D%5B%2Fvc_column_inner%5D%5Bvc_column_inner+width%3D%26%238221%3B1%2F3%26%238243%3B%5D%5B%2Fvc_column_inner%5D%5Bvc_column_inner+width%3D%26%238221%3B1%2F3%26%238243%3B%5D%5B%2Fvc_column_inner%5D%5B%2Fvc_row_inner%5D%5Bvc_row_inner+row_type%3D%26%238221%3Brow%26%238221%3B+type%3D%26%238221%3Bfull_width%26%238221%3B+text_align%3D%26%238221%3Bleft%26%238221%3B+css_animation%3D%26%238221%3B%26%238221%3B%5D%5Bvc_column_inner%5D%5Bvc_gallery+type%3D%26%238221%3Bimage_grid%26%238221%3B+images%3D%26%238221%3B15789%2C15790%2C15791%2C15792%2C15794%2C15867%2C15868%26%238243%3B+column_number%3D%26%238221%3B3%26%238243%3B+grayscale%3D%26%238221%3Bno%26%238221%3B+images_space%3D%26%238221%3Bgallery_with_space%26%238221%3B%5D%5B%2Fvc_column_inner%5D%5B%2Fvc_row_inner%5D%5Bvc_single_image+image%3D%26%238221%3B15793%26%238243%3B+img_size%3D%26%238221%3Bfull%26%238221%3B+qode_css_animation%3D%26%238221%3B%26%238221%3B%5D%5B%2Fvc_column%5D%5B%2Fvc_row%5D%5Bvc_row+css_animation%3D%26%238221%3B%26%238221%3B+row_type%3D%26%238221%3Brow%26%238221%3B+use_row_as_full_screen_section%3D%26%238221%3Bno%26%238221%3B+type%3D%26%238221%3Bfull_width%26%238221%3B+angled_section%3D%26%238221%3Bno%26%238221%3B+text_align%3D%26%238221%3Bleft%26%238221%3B+background_image_as_pattern%3D%26%238221%3Bwithout_pattern%26%238221%3B%5D%5Bvc_column+width%3D%26%238221%3B1%2F2%26%238243%3B%5D%5B%2Fvc_column%5D%5Bvc_column+width%3D%26%238221%3B1%2F2%26%238243%3B%5D%5B%2Fvc_column%5D%5B%2Fvc_row%5D%5Bvc_row+css_animation%3D%26%238221%3B%26%238221%3B+row_type%3D%26%238221%3Brow%26%238221%3B+use_row_as_full_screen_section%3D%26%238221%3Bno%26%238221%3B+type%3D%26%238221%3Bfull_width%26%238221%3B+angled_section%3D%26%238221%3Bno%26%238221%3B+text_align%3D%26%238221%3Bleft%26%238221%3B+background_image_as_pattern%3D%26%238221%3Bwithout_pattern%26%238221%3B%5D%5Bvc_column%5D%5Bvc_separator+type%3D%26%238221%3Btransparent%26%238221%3B+up%3D%26%238221%3B15%26%238243%3B%5D%5B%2Fvc_column%5D%5B%2Fvc_row%5D%5Bvc_row...', 'sharer', 'toolbar=0,status=0,width=620,height=280');\"><i class=\"fa fa-facebook\"><\/i><\/a><\/li><li class=\"twitter_share\"><a href=\"#\" title=\"Compartilhar no Twitter\" onclick=\"popUp=window.open('http:\/\/twitter.com\/home?status=%5Bvc_row+css_animation%3D%26%238221%3B%26%238221%3B+row_type%3D%26%238221%3Brow%26%238221%3B+http:\/\/moral.com.br\/alpapato\/parque-apae-cascavel-pr\/', 'popupwindow', 'scrollbars=yes,width=800,height=400');popUp.focus();return false;\"><i class=\"fa fa-twitter\"><\/i><\/a><\/li><li  class=\"google_share\"><a href=\"#\" title=\"Compartilhar no Google+\" onclick=\"popUp=window.open('https:\/\/plus.google.com\/share?url=http%3A%2F%2Fmoral.com.br%2Falpapato%2Fparque-apae-cascavel-pr%2F', 'popupwindow', 'scrollbars=yes,width=800,height=400');popUp.focus();return false\"><i class=\"fa fa-google-plus\"><\/i><\/a><\/li><li  class=\"linkedin_share\"><a href=\"#\" class=\"Compartilhar no LinkedIn\" onclick=\"popUp=window.open('http:\/\/linkedin.com\/shareArticle?mini=true&amp;url=http%3A%2F%2Fmoral.com.br%2Falpapato%2Fparque-apae-cascavel-pr%2F&amp;title=Parque+APAE+de+Cascavel', 'popupwindow', 'scrollbars=yes,width=800,height=400');popUp.focus();return false\"><i class=\"fa fa-linkedin\"><\/i><\/a><\/li><li  class=\"tumblr_share\"><a href=\"#\" title=\"Compartilhar no Tumblr\" onclick=\"popUp=window.open('http:\/\/www.tumblr.com\/share\/link?url=http%3A%2F%2Fmoral.com.br%2Falpapato%2Fparque-apae-cascavel-pr%2F&amp;name=Parque+APAE+de+Cascavel&amp;description=%5Bvc_row+css_animation%3D%26%238221%3B%26%238221%3B+row_type%3D%26%238221%3Brow%26%238221%3B+use_row_as_full_screen_section%3D%26%238221%3Bno%26%238221%3B+type%3D%26%238221%3Bfull_width%26%238221%3B+angled_section%3D%26%238221%3Bno%26%238221%3B+text_align%3D%26%238221%3Bleft%26%238221%3B+background_image_as_pattern%3D%26%238221%3Bwithout_pattern%26%238221%3B%5D%5Bvc_column%5D%5Bvc_row_inner+row_type%3D%26%238221%3Brow%26%238221%3B+type%3D%26%238221%3Bfull_width%26%238221%3B+text_align%3D%26%238221%3Bleft%26%238221%3B+css_animation%3D%26%238221%3B%26%238221%3B%5D%5Bvc_column_inner+width%3D%26%238221%3B1%2F3%26%238243%3B%5D%5B%2Fvc_column_inner%5D%5Bvc_column_inner+width%3D%26%238221%3B1%2F3%26%238243%3B%5D%5B%2Fvc_column_inner%5D%5Bvc_column_inner+width%3D%26%238221%3B1%2F3%26%238243%3B%5D%5B%2Fvc_column_inner%5D%5B%2Fvc_row_inner%5D%5Bvc_row_inner+row_type%3D%26%238221%3Brow%26%238221%3B+type%3D%26%238221%3Bfull_width%26%238221%3B+text_align%3D%26%238221%3Bleft%26%238221%3B+css_animation%3D%26%238221%3B%26%238221%3B%5D%5Bvc_column_inner%5D%5Bvc_gallery+type%3D%26%238221%3Bimage_grid%26%238221%3B+images%3D%26%238221%3B15789%2C15790%2C15791%2C15792%2C15794%2C15867%2C15868%26%238243%3B+column_number%3D%26%238221%3B3%26%238243%3B+grayscale%3D%26%238221%3Bno%26%238221%3B+images_space%3D%26%238221%3Bgallery_with_space%26%238221%3B%5D%5B%2Fvc_column_inner%5D%5B%2Fvc_row_inner%5D%5Bvc_single_image+image%3D%26%238221%3B15793%26%238243%3B+img_size%3D%26%238221%3Bfull%26%238221%3B+qode_css_animation%3D%26%238221%3B%26%238221%3B%5D%5B%2Fvc_column%5D%5B%2Fvc_row%5D%5Bvc_row+css_animation%3D%26%238221%3B%26%238221%3B+row_type%3D%26%238221%3Brow%26%238221%3B+use_row_as_full_screen_section%3D%26%238221%3Bno%26%238221%3B+type%3D%26%238221%3Bfull_width%26%238221%3B+angled_section%3D%26%238221%3Bno%26%238221%3B+text_align%3D%26%238221%3Bleft%26%238221%3B+background_image_as_pattern%3D%26%238221%3Bwithout_pattern%26%238221%3B%5D%5Bvc_column+width%3D%26%238221%3B1%2F2%26%238243%3B%5D%5B%2Fvc_column%5D%5Bvc_column+width%3D%26%238221%3B1%2F2%26%238243%3B%5D%5B%2Fvc_column%5D%5B%2Fvc_row%5D%5Bvc_row+css_animation%3D%26%238221%3B%26%238221%3B+row_type%3D%26%238221%3Brow%26%238221%3B+use_row_as_full_screen_section%3D%26%238221%3Bno%26%238221%3B+type%3D%26%238221%3Bfull_width%26%238221%3B+angled_section%3D%26%238221%3Bno%26%238221%3B+text_align%3D%26%238221%3Bleft%26%238221%3B+background_image_as_pattern%3D%26%238221%3Bwithout_pattern%26%238221%3B%5D%5Bvc_column%5D%5Bvc_separator+type%3D%26%238221%3Btransparent%26%238221%3B+up%3D%26%238221%3B15%26%238243%3B%5D%5B%2Fvc_column%5D%5B%2Fvc_row%5D%5Bvc_row...', 'popupwindow', 'scrollbars=yes,width=800,height=400');popUp.focus();return false\"><i class=\"fa fa-tumblr\"><\/i><\/a><\/li><li  class=\"pinterest_share\"><a href=\"#\" title=\"Compartilhar no Pinterest\" onclick=\"popUp=window.open('http:\/\/pinterest.com\/pin\/create\/button\/?url=http%3A%2F%2Fmoral.com.br%2Falpapato%2Fparque-apae-cascavel-pr%2F&amp;description=Parque APAE de Cascavel&amp;media=http%3A%2F%2Fmoral.com.br%2Falpapato%2Fwp-content%2Fuploads%2F2017%2F04%2Fcascavel1.jpg', 'popupwindow', 'scrollbars=yes,width=800,height=400');popUp.focus();return false\"><i class=\"fa fa-pinterest\"><\/i><\/a><\/li><li  class=\"vk_share\"><a href=\"#\" title=\"Compartilhar no VK\" onclick=\"popUp=window.open('http:\/\/vkontakte.ru\/share.php?url=http%3A%2F%2Fmoral.com.br%2Falpapato%2Fparque-apae-cascavel-pr%2F&amp;title=Parque+APAE+de+Cascavel&amp;description=%5Bvc_row+css_animation%3D%26%238221%3B%26%238221%3B+row_type%3D%26%238221%3Brow%26%238221%3B+use_row_as_full_screen_section%3D%26%238221%3Bno%26%238221%3B+type%3D%26%238221%3Bfull_width%26%238221%3B+angled_section%3D%26%238221%3Bno%26%238221%3B+text_align%3D%26%238221%3Bleft%26%238221%3B+background_image_as_pattern%3D%26%238221%3Bwithout_pattern%26%238221%3B%5D%5Bvc_column%5D%5Bvc_row_inner+row_type%3D%26%238221%3Brow%26%238221%3B+type%3D%26%238221%3Bfull_width%26%238221%3B+text_align%3D%26%238221%3Bleft%26%238221%3B+css_animation%3D%26%238221%3B%26%238221%3B%5D%5Bvc_column_inner+width%3D%26%238221%3B1%2F3%26%238243%3B%5D%5B%2Fvc_column_inner%5D%5Bvc_column_inner+width%3D%26%238221%3B1%2F3%26%238243%3B%5D%5B%2Fvc_column_inner%5D%5Bvc_column_inner+width%3D%26%238221%3B1%2F3%26%238243%3B%5D%5B%2Fvc_column_inner%5D%5B%2Fvc_row_inner%5D%5Bvc_row_inner+row_type%3D%26%238221%3Brow%26%238221%3B+type%3D%26%238221%3Bfull_width%26%238221%3B+text_align%3D%26%238221%3Bleft%26%238221%3B+css_animation%3D%26%238221%3B%26%238221%3B%5D%5Bvc_column_inner%5D%5Bvc_gallery+type%3D%26%238221%3Bimage_grid%26%238221%3B+images%3D%26%238221%3B15789%2C15790%2C15791%2C15792%2C15794%2C15867%2C15868%26%238243%3B+column_number%3D%26%238221%3B3%26%238243%3B+grayscale%3D%26%238221%3Bno%26%238221%3B+images_space%3D%26%238221%3Bgallery_with_space%26%238221%3B%5D%5B%2Fvc_column_inner%5D%5B%2Fvc_row_inner%5D%5Bvc_single_image+image%3D%26%238221%3B15793%26%238243%3B+img_size%3D%26%238221%3Bfull%26%238221%3B+qode_css_animation%3D%26%238221%3B%26%238221%3B%5D%5B%2Fvc_column%5D%5B%2Fvc_row%5D%5Bvc_row+css_animation%3D%26%238221%3B%26%238221%3B+row_type%3D%26%238221%3Brow%26%238221%3B+use_row_as_full_screen_section%3D%26%238221%3Bno%26%238221%3B+type%3D%26%238221%3Bfull_width%26%238221%3B+angled_section%3D%26%238221%3Bno%26%238221%3B+text_align%3D%26%238221%3Bleft%26%238221%3B+background_image_as_pattern%3D%26%238221%3Bwithout_pattern%26%238221%3B%5D%5Bvc_column+width%3D%26%238221%3B1%2F2%26%238243%3B%5D%5B%2Fvc_column%5D%5Bvc_column+width%3D%26%238221%3B1%2F2%26%238243%3B%5D%5B%2Fvc_column%5D%5B%2Fvc_row%5D%5Bvc_row+css_animation%3D%26%238221%3B%26%238221%3B+row_type%3D%26%238221%3Brow%26%238221%3B+use_row_as_full_screen_section%3D%26%238221%3Bno%26%238221%3B+type%3D%26%238221%3Bfull_width%26%238221%3B+angled_section%3D%26%238221%3Bno%26%238221%3B+text_align%3D%26%238221%3Bleft%26%238221%3B+background_image_as_pattern%3D%26%238221%3Bwithout_pattern%26%238221%3B%5D%5Bvc_column%5D%5Bvc_separator+type%3D%26%238221%3Btransparent%26%238221%3B+up%3D%26%238221%3B15%26%238243%3B%5D%5B%2Fvc_column%5D%5B%2Fvc_row%5D%5Bvc_row...&amp;image=http%3A%2F%2Fmoral.com.br%2Falpapato%2Fwp-content%2Fuploads%2F2017%2F04%2Fcascavel1.jpg', 'popupwindow', 'scrollbars=yes,width=800,height=400');popUp.focus();return false\"><i class=\"fa fa-vk\"><\/i><\/a><\/li><\/ul><\/div>[vc_separator type=&#8221;normal&#8221;][\/vc_column][\/vc_row][vc_row css_animation=&#8221;&#8221; row_type=&#8221;row&#8221; use_row_as_full_screen_section=&#8221;no&#8221; type=&#8221;full_width&#8221; angled_section=&#8221;no&#8221; text_align=&#8221;left&#8221; background_image_as_pattern=&#8221;without_pattern&#8221;][vc_column][vc_separator type=&#8221;transparent&#8221; up=&#8221;15&#8243;][vc_column_text]<\/p>\n<h3>Links<\/h3>\n<p>[\/vc_column_text][vc_separator type=&#8221;transparent&#8221; up=&#8221;15&#8243;][vc_column_text]<\/p>\n<ul>\n<li><a href=\"http:\/\/radiocolmeia.com.br\/parque-anna-laura-e-inaugurado-na-apae-de-cascavel\/\">http:\/\/radiocolmeia.com.br\/parque-anna-laura-e-inaugurado-na-apae-de-cascavel\/<\/a><\/li>\n<li><a href=\"http:\/\/www.jornalavozdoparana.com.br\/apae-emocao-marca-inauguracao-do-1o-parque-adaptado-do-parana\/\">http:\/\/www.jornalavozdoparana.com.br\/apae-emocao-marca-inauguracao-do-1o-parque-adaptado-do-parana\/<\/a><\/li>\n<li><a href=\"http:\/\/oparana.com.br\/noticia\/apae-de-cascavel-inaugura-o-1o-parque-adaptado-do-parana\">http:\/\/oparana.com.br\/noticia\/apae-de-cascavel-inaugura-o-1o-parque-adaptado-do-parana<\/a><\/li>\n<li><a href=\"http:\/\/www.apaepr.org.br\/noticia.phtml\/70999\">http:\/\/www.apaepr.org.br\/noticia.phtml\/70999<\/a><\/li>\n<li><a href=\"https:\/\/www.cbncascavel.com.br\/apae-inaugura-primeiro-parque-adaptado-do-parana\/\">https:\/\/www.cbncascavel.com.br\/apae-inaugura-primeiro-parque-adaptado-do-parana\/<\/a><\/li>\n<li><a href=\"http:\/\/www.jhoje.com.br\/inaugurado-o-parque-para-todos-na-apae-de-cascavel\/\">http:\/\/www.jhoje.com.br\/inaugurado-o-parque-para-todos-na-apae-de-cascavel\/<\/a><\/li>\n<li><a href=\"http:\/\/apaebrasil.org.br\/noticia\/fenapaes-participa-de-inauguracao-do-projeto-alpapato-na-apae-de-cascavel-pr\">http:\/\/apaebrasil.org.br\/noticia\/fenapaes-participa-de-inauguracao-do-projeto-alpapato-na-apae-de-cascavel-pr<\/a><\/li>\n<\/ul>\n<p>[\/vc_column_text][vc_separator type=&#8221;transparent&#8221; up=&#8221;15&#8243;][\/vc_column][\/vc_row]<\/p>\n<\/div>","protected":false},"excerpt":{"rendered":"<p>[vc_row css_animation=&#8221;&#8221; row_type=&#8221;row&#8221; use_row_as_full_screen_section=&#8221;no&#8221; type=&#8221;full_width&#8221; angled_section=&#8221;no&#8221; text_align=&#8221;left&#8221; background_image_as_pattern=&#8221;without_pattern&#8221;][vc_column][vc_row_inner row_type=&#8221;row&#8221; type=&#8221;full_width&#8221; text_align=&#8221;left&#8221; css_animation=&#8221;&#8221;][vc_column_inner width=&#8221;1\/3&#8243;][\/vc_column_inner][vc_column_inner width=&#8221;1\/3&#8243;][\/vc_column_inner][vc_column_inner width=&#8221;1\/3&#8243;][\/vc_column_inner][\/vc_row_inner][vc_row_inner row_type=&#8221;row&#8221; type=&#8221;full_width&#8221; text_align=&#8221;left&#8221; css_animation=&#8221;&#8221;][vc_column_inner][vc_gallery type=&#8221;image_grid&#8221; images=&#8221;15789,15790,15791,15792,15794,15867,15868&#8243; column_number=&#8221;3&#8243; grayscale=&#8221;no&#8221; images_space=&#8221;gallery_with_space&#8221;][\/vc_column_inner][\/vc_row_inner][vc_single_image image=&#8221;15793&#8243; img_size=&#8221;full&#8221; qode_css_animation=&#8221;&#8221;][\/vc_column][\/vc_row][vc_row css_animation=&#8221;&#8221; row_type=&#8221;row&#8221; use_row_as_full_screen_section=&#8221;no&#8221; type=&#8221;full_width&#8221; angled_section=&#8221;no&#8221; text_align=&#8221;left&#8221; background_image_as_pattern=&#8221;without_pattern&#8221;][vc_column width=&#8221;1\/2&#8243;][\/vc_column][vc_column width=&#8221;1\/2&#8243;][\/vc_column][\/vc_row][vc_row css_animation=&#8221;&#8221; row_type=&#8221;row&#8221; use_row_as_full_screen_section=&#8221;no&#8221; type=&#8221;full_width&#8221; angled_section=&#8221;no&#8221; text_align=&#8221;left&#8221; background_image_as_pattern=&#8221;without_pattern&#8221;][vc_column][vc_separator type=&#8221;transparent&#8221; up=&#8221;15&#8243;][\/vc_column][\/vc_row][vc_row&#8230;<\/p>\n","protected":false},"author":1,"featured_media":15794,"parent":0,"menu_order":0,"comment_status":"closed","ping_status":"closed","template":"","meta":{"om_disable_all_campaigns":false,"footnotes":""},"class_list":["post-15788","page","type-page","status-publish","has-post-thumbnail","hentry"],"_links":{"self":[{"href":"http:\/\/moral.com.br\/alpapato\/wp-json\/wp\/v2\/pages\/15788","targetHints":{"allow":["GET"]}}],"collection":[{"href":"http:\/\/moral.com.br\/alpapato\/wp-json\/wp\/v2\/pages"}],"about":[{"href":"http:\/\/moral.com.br\/alpapato\/wp-json\/wp\/v2\/types\/page"}],"author":[{"embeddable":true,"href":"http:\/\/moral.com.br\/alpapato\/wp-json\/wp\/v2\/users\/1"}],"replies":[{"embeddable":true,"href":"http:\/\/moral.com.br\/alpapato\/wp-json\/wp\/v2\/comments?post=15788"}],"version-history":[{"count":12,"href":"http:\/\/moral.com.br\/alpapato\/wp-json\/wp\/v2\/pages\/15788\/revisions"}],"predecessor-version":[{"id":15870,"href":"http:\/\/moral.com.br\/alpapato\/wp-json\/wp\/v2\/pages\/15788\/revisions\/15870"}],"wp:featuredmedia":[{"embeddable":true,"href":"http:\/\/moral.com.br\/alpapato\/wp-json\/wp\/v2\/media\/15794"}],"wp:attachment":[{"href":"http:\/\/moral.com.br\/alpapato\/wp-json\/wp\/v2\/media?parent=15788"}],"curies":[{"name":"wp","href":"https:\/\/api.w.org\/{rel}","templated":true}]}}