{"id":15655,"date":"2016-12-28T19:58:41","date_gmt":"2016-12-28T19:58:41","guid":{"rendered":"http:\/\/moral.com.br\/alpapato\/?page_id=15655"},"modified":"2017-03-27T14:24:06","modified_gmt":"2017-03-27T14:24:06","slug":"biblioteca-ajcc","status":"publish","type":"page","link":"http:\/\/moral.com.br\/alpapato\/biblioteca-ajcc\/","title":{"rendered":"Biblioteca AJCC"},"content":{"rendered":"<div class=\"wpb-content-wrapper\"><p>[vc_row css_animation=&#8221;&#8221; row_type=&#8221;row&#8221; use_row_as_full_screen_section=&#8221;no&#8221; type=&#8221;full_width&#8221; angled_section=&#8221;no&#8221; text_align=&#8221;left&#8221; background_image_as_pattern=&#8221;without_pattern&#8221;][vc_column][vc_row_inner row_type=&#8221;row&#8221; type=&#8221;full_width&#8221; text_align=&#8221;left&#8221; css_animation=&#8221;&#8221;][vc_column_inner][vc_single_image image=&#8221;15680&#8243; img_size=&#8221;full&#8221; alignment=&#8221;center&#8221; onclick=&#8221;custom_link&#8221; img_link_target=&#8221;_blank&#8221; qode_css_animation=&#8221;&#8221; link=&#8221;http:\/\/www.ajcc-jaffa.org\/&#8221;][vc_separator type=&#8221;transparent&#8221; up=&#8221;10&#8243;][vc_column_text]<span style=\"color: #000000;\">Foi inaugurada a biblioteca em homenagem \u00e0 Anna Laura, que tem o seu nome, no dia 14 de outubro de 2015 na AJCC, Arab Jewish Community Center, em Yaffo, Tel Aviv, Israel. <\/span><\/p>\n<p>&nbsp;<\/p>\n<p><span style=\"color: #000000;\">A AJCC \u00e9 uma institui\u00e7\u00e3o que tem por objetivo a conviv\u00eancia dos povos e religi\u00f5es que coexistem naquela regi\u00e3o. <\/span><\/p>\n<p>&nbsp;<\/p>\n<p><span style=\"color: #000000;\">A biblioteca abriga cerca de 15 mil livros e um internet caf\u00e9. Rua Kedem, 109, Yaffo, Israel.<\/span>[\/vc_column_text][vc_separator type=&#8221;transparent&#8221; up=&#8221;20&#8243;][\/vc_column_inner][\/vc_row_inner][\/vc_column][\/vc_row][vc_row css_animation=&#8221;&#8221; row_type=&#8221;row&#8221; use_row_as_full_screen_section=&#8221;no&#8221; type=&#8221;full_width&#8221; angled_section=&#8221;no&#8221; text_align=&#8221;left&#8221; background_image_as_pattern=&#8221;without_pattern&#8221;][vc_column][vc_gallery type=&#8221;image_grid&#8221; images=&#8221;15676,15735,15736,15737,15738,15678&#8243; column_number=&#8221;3&#8243; grayscale=&#8221;no&#8221; images_space=&#8221;gallery_with_space&#8221;][vc_separator type=&#8221;transparent&#8221; up=&#8221;20&#8243;][\/vc_column][\/vc_row]<\/p>\n<\/div>","protected":false},"excerpt":{"rendered":"<p>[vc_row css_animation=&#8221;&#8221; row_type=&#8221;row&#8221; use_row_as_full_screen_section=&#8221;no&#8221; type=&#8221;full_width&#8221; angled_section=&#8221;no&#8221; text_align=&#8221;left&#8221; background_image_as_pattern=&#8221;without_pattern&#8221;][vc_column][vc_row_inner row_type=&#8221;row&#8221; type=&#8221;full_width&#8221; text_align=&#8221;left&#8221; css_animation=&#8221;&#8221;][vc_column_inner][vc_single_image image=&#8221;15680&#8243; img_size=&#8221;full&#8221; alignment=&#8221;center&#8221; onclick=&#8221;custom_link&#8221; img_link_target=&#8221;_blank&#8221; qode_css_animation=&#8221;&#8221; link=&#8221;http:\/\/www.ajcc-jaffa.org\/&#8221;][vc_separator type=&#8221;transparent&#8221; up=&#8221;10&#8243;][vc_column_text]Foi inaugurada a biblioteca em homenagem \u00e0 Anna Laura, que tem o seu nome, no dia 14 de outubro de 2015 na AJCC, Arab Jewish&#8230;<\/p>\n","protected":false},"author":1,"featured_media":0,"parent":0,"menu_order":0,"comment_status":"closed","ping_status":"closed","template":"","meta":{"om_disable_all_campaigns":false,"footnotes":""},"class_list":["post-15655","page","type-page","status-publish","hentry"],"_links":{"self":[{"href":"http:\/\/moral.com.br\/alpapato\/wp-json\/wp\/v2\/pages\/15655","targetHints":{"allow":["GET"]}}],"collection":[{"href":"http:\/\/moral.com.br\/alpapato\/wp-json\/wp\/v2\/pages"}],"about":[{"href":"http:\/\/moral.com.br\/alpapato\/wp-json\/wp\/v2\/types\/page"}],"author":[{"embeddable":true,"href":"http:\/\/moral.com.br\/alpapato\/wp-json\/wp\/v2\/users\/1"}],"replies":[{"embeddable":true,"href":"http:\/\/moral.com.br\/alpapato\/wp-json\/wp\/v2\/comments?post=15655"}],"version-history":[{"count":13,"href":"http:\/\/moral.com.br\/alpapato\/wp-json\/wp\/v2\/pages\/15655\/revisions"}],"predecessor-version":[{"id":15743,"href":"http:\/\/moral.com.br\/alpapato\/wp-json\/wp\/v2\/pages\/15655\/revisions\/15743"}],"wp:attachment":[{"href":"http:\/\/moral.com.br\/alpapato\/wp-json\/wp\/v2\/media?parent=15655"}],"curies":[{"name":"wp","href":"https:\/\/api.w.org\/{rel}","templated":true}]}}