{"id":15653,"date":"2016-12-28T19:58:24","date_gmt":"2016-12-28T19:58:24","guid":{"rendered":"http:\/\/moral.com.br\/alpapato\/?page_id=15653"},"modified":"2017-03-21T00:55:28","modified_gmt":"2017-03-21T00:55:28","slug":"o-livro-em-nome-de-anna","status":"publish","type":"page","link":"http:\/\/moral.com.br\/alpapato\/o-livro-em-nome-de-anna\/","title":{"rendered":"O Livro Em Nome de Anna"},"content":{"rendered":"<div class=\"wpb-content-wrapper\"><p>[vc_row css_animation=&#8221;&#8221; row_type=&#8221;row&#8221; use_row_as_full_screen_section=&#8221;no&#8221; type=&#8221;full_width&#8221; angled_section=&#8221;no&#8221; text_align=&#8221;left&#8221; background_image_as_pattern=&#8221;without_pattern&#8221;][vc_column width=&#8221;1\/2&#8243;][vc_single_image image=&#8221;15663&#8243; img_size=&#8221;full&#8221; alignment=&#8221;center&#8221; qode_css_animation=&#8221;&#8221;][\/vc_column][vc_column width=&#8221;1\/2&#8243;][vc_column_text]<span style=\"color: #000000;\">Foi lan\u00e7ado em 21\/12\/2015 o livro \u201cEm Nome de Anna\u201d, escrito pelo pai de Anna Laura em sua homenagem. S\u00e3o pequenas hist\u00f3rias que divagam sobre a menina e seu destino.<\/span><\/p>\n<p>&nbsp;<\/p>\n<p><span style=\"color: #000000;\">O livro \u00e9 ilustrado por artistas pl\u00e1sticos amigos do autor, entre os quais (em ordem alfab\u00e9tica) Antonio Henrique Amaral, Christian Dalgas Frisch, Fernando Velazquez, Gerardo Goldwasser,\u00a0Gershon Knispel,\u00a0Mariannita Luzzati, Mario Sagradini, Oscar Oiwa, Os Gemeos , Paulo de Tarso Barreto e Patr\u00edcia Vitali.<\/span><\/p>\n<p>&nbsp;<\/p>\n<p style=\"text-align: center;\"><span style=\"color: #000000;\"><a  itemprop=\"url\" href=\"#contato\" target=\"_self\"  class=\"qbutton  default\" style=\"\">Entre em contato para adquirir o livro<\/a><\/span><\/p>\n<p><span style=\"color: #000000;\">Ou adquira o <strong>eBook<\/strong>:<\/span>[\/vc_column_text][vc_separator type=&#8221;transparent&#8221; up=&#8221;5&#8243;][vc_row_inner row_type=&#8221;row&#8221; type=&#8221;full_width&#8221; text_align=&#8221;left&#8221; css_animation=&#8221;&#8221;][vc_column_inner width=&#8221;1\/2&#8243;][vc_single_image image=&#8221;15666&#8243; img_size=&#8221;&#8221; alignment=&#8221;right&#8221; onclick=&#8221;custom_link&#8221; img_link_target=&#8221;_blank&#8221; qode_css_animation=&#8221;&#8221; link=&#8221;https:\/\/www.amazon.com.br\/Em-nome-Anna-Rudi-Fischer-ebook\/dp\/B01LZMYOWC&#8221;][\/vc_column_inner][vc_column_inner width=&#8221;1\/2&#8243;][vc_single_image image=&#8221;15668&#8243; img_size=&#8221;full&#8221; onclick=&#8221;custom_link&#8221; img_link_target=&#8221;_blank&#8221; qode_css_animation=&#8221;&#8221; link=&#8221;https:\/\/itunes.apple.com\/us\/book\/em-nome-de-anna\/id1159728918?ls=1&amp;mt=11&#8243;][\/vc_column_inner][\/vc_row_inner][\/vc_column][\/vc_row][vc_row css_animation=&#8221;&#8221; row_type=&#8221;row&#8221; use_row_as_full_screen_section=&#8221;no&#8221; type=&#8221;full_width&#8221; angled_section=&#8221;no&#8221; text_align=&#8221;left&#8221; background_image_as_pattern=&#8221;without_pattern&#8221;][vc_column][vc_separator type=&#8221;transparent&#8221; up=&#8221;10&#8243;][\/vc_column][\/vc_row]<\/p>\n<\/div>","protected":false},"excerpt":{"rendered":"<p>[vc_row css_animation=&#8221;&#8221; row_type=&#8221;row&#8221; use_row_as_full_screen_section=&#8221;no&#8221; type=&#8221;full_width&#8221; angled_section=&#8221;no&#8221; text_align=&#8221;left&#8221; background_image_as_pattern=&#8221;without_pattern&#8221;][vc_column width=&#8221;1\/2&#8243;][vc_single_image image=&#8221;15663&#8243; img_size=&#8221;full&#8221; alignment=&#8221;center&#8221; qode_css_animation=&#8221;&#8221;][\/vc_column][vc_column width=&#8221;1\/2&#8243;][vc_column_text]Foi lan\u00e7ado em 21\/12\/2015 o livro \u201cEm Nome de Anna\u201d, escrito pelo pai de Anna Laura em sua homenagem. S\u00e3o pequenas hist\u00f3rias que divagam sobre a menina e seu destino. &nbsp; O&#8230;<\/p>\n","protected":false},"author":1,"featured_media":0,"parent":0,"menu_order":0,"comment_status":"closed","ping_status":"closed","template":"","meta":{"om_disable_all_campaigns":false,"footnotes":""},"class_list":["post-15653","page","type-page","status-publish","hentry"],"_links":{"self":[{"href":"http:\/\/moral.com.br\/alpapato\/wp-json\/wp\/v2\/pages\/15653","targetHints":{"allow":["GET"]}}],"collection":[{"href":"http:\/\/moral.com.br\/alpapato\/wp-json\/wp\/v2\/pages"}],"about":[{"href":"http:\/\/moral.com.br\/alpapato\/wp-json\/wp\/v2\/types\/page"}],"author":[{"embeddable":true,"href":"http:\/\/moral.com.br\/alpapato\/wp-json\/wp\/v2\/users\/1"}],"replies":[{"embeddable":true,"href":"http:\/\/moral.com.br\/alpapato\/wp-json\/wp\/v2\/comments?post=15653"}],"version-history":[{"count":13,"href":"http:\/\/moral.com.br\/alpapato\/wp-json\/wp\/v2\/pages\/15653\/revisions"}],"predecessor-version":[{"id":15674,"href":"http:\/\/moral.com.br\/alpapato\/wp-json\/wp\/v2\/pages\/15653\/revisions\/15674"}],"wp:attachment":[{"href":"http:\/\/moral.com.br\/alpapato\/wp-json\/wp\/v2\/media?parent=15653"}],"curies":[{"name":"wp","href":"https:\/\/api.w.org\/{rel}","templated":true}]}}