{"id":15642,"date":"2016-12-28T18:46:59","date_gmt":"2016-12-28T18:46:59","guid":{"rendered":"http:\/\/moral.com.br\/alpapato\/?page_id=15642"},"modified":"2017-04-28T18:10:46","modified_gmt":"2017-04-28T18:10:46","slug":"links","status":"publish","type":"page","link":"http:\/\/moral.com.br\/alpapato\/links\/","title":{"rendered":"Links"},"content":{"rendered":"<div class=\"wpb-content-wrapper\"><p>[vc_row css_animation=&#8221;&#8221; row_type=&#8221;row&#8221; use_row_as_full_screen_section=&#8221;no&#8221; type=&#8221;full_width&#8221; angled_section=&#8221;no&#8221; text_align=&#8221;left&#8221; background_image_as_pattern=&#8221;without_pattern&#8221;][vc_column][vc_row_inner row_type=&#8221;row&#8221; type=&#8221;full_width&#8221; text_align=&#8221;left&#8221; css_animation=&#8221;&#8221;][vc_column_inner width=&#8221;1\/2&#8243;]<div class='q_icon_with_title tiny normal_icon center'><div class=\"icon_holder \" style=\" \"><span data-icon-type=\"normal\"   style=\"\" class=\"qode_iwt_icon_holder q_font_awsome_icon fa-lg \"><i class=\"qode_icon_font_awesome fa fa-link qode_iwt_icon_element\" style=\"\" ><\/i><\/span><\/div><div class=\"icon_text_holder\" style=\"\"><div class=\"icon_text_inner\" style=\"\"><h5 class=\"icon_title\" style=\"\">FENAPAES PARTICIPA DE INAUGURA\u00c7\u00c3O DO PROJETO ALPAPATO NA APAE DE CASCAVEL-PR<\/h5><p style=''><\/p><a itemprop='url' class='icon_with_title_link' href='http:\/\/apaebrasil.org.br\/noticia\/fenapaes-participa-de-inauguracao-do-projeto-alpapato-na-apae-de-cascavel-pr ' target='_blank' style=''>Clique aqui para visualizar<\/a><\/div><\/div><\/div>[\/vc_column_inner][vc_column_inner width=&#8221;1\/2&#8243;]<div class='q_icon_with_title tiny normal_icon center'><div class=\"icon_holder \" style=\" \"><span data-icon-type=\"normal\"   style=\"\" class=\"qode_iwt_icon_holder q_font_awsome_icon fa-lg \"><i class=\"qode_icon_font_awesome fa fa-link qode_iwt_icon_element\" style=\"\" ><\/i><\/span><\/div><div class=\"icon_text_holder\" style=\"\"><div class=\"icon_text_inner\" style=\"\"><h5 class=\"icon_title\" style=\"\">G1 - Recife ganha primeiro parque totalmente adaptado para crian\u00e7as com necessidades especiais<\/h5><p style=''><\/p><a itemprop='url' class='icon_with_title_link' href='http:\/\/g1.globo.com\/pernambuco\/noticia\/recife-ganha-primeiro-parque-totalmente-adaptado-para-criancas-com-necessidades-especiais.ghtml' target='_blank' style=''>Clique aqui para visualizar<\/a><\/div><\/div><\/div>[\/vc_column_inner][\/vc_row_inner][vc_separator type=&#8221;normal&#8221;][vc_row_inner row_type=&#8221;row&#8221; type=&#8221;full_width&#8221; text_align=&#8221;left&#8221; css_animation=&#8221;&#8221;][vc_column_inner width=&#8221;1\/2&#8243;]<div class='q_icon_with_title tiny normal_icon center'><div class=\"icon_holder \" style=\" \"><span data-icon-type=\"normal\"   style=\"\" class=\"qode_iwt_icon_holder q_font_awsome_icon fa-lg \"><i class=\"qode_icon_font_awesome fa fa-link qode_iwt_icon_element\" style=\"\" ><\/i><\/span><\/div><div class=\"icon_text_holder\" style=\"\"><div class=\"icon_text_inner\" style=\"\"><h5 class=\"icon_title\" style=\"\">Catraca Livre - ``Depois de perder filha, pai constr\u00f3i parques acess\u00edveis e p\u00fablicos para homenage\u00e1-la``<\/h5><p style=''><\/p><a itemprop='url' class='icon_with_title_link' href='http:\/\/catracalivre.com.br\/geral\/cidadania\/indicacao\/depois-de-perder-filha-pai-constroi-parques-acessiveis-e-publicos-para-homenagea-la\/' target='_blank' style=''>Clique aqui para visualizar<\/a><\/div><\/div><\/div>[\/vc_column_inner][vc_column_inner width=&#8221;1\/2&#8243;]<div class='q_icon_with_title tiny normal_icon center'><div class=\"icon_holder \" style=\" \"><span data-icon-type=\"normal\"   style=\"\" class=\"qode_iwt_icon_holder q_font_awsome_icon fa-lg \"><i class=\"qode_icon_font_awesome fa fa-link qode_iwt_icon_element\" style=\"\" ><\/i><\/span><\/div><div class=\"icon_text_holder\" style=\"\"><div class=\"icon_text_inner\" style=\"\"><h5 class=\"icon_title\" style=\"\">SMPED - Secretaria Municipal da Pessoa com Defici\u00eancia - SP<\/h5><p style=''><\/p><a itemprop='url' class='icon_with_title_link' href='http:\/\/www.prefeitura.sp.gov.br\/cidade\/secretarias\/pessoa_com_deficiencia\/' target='_blank' style=''>Clique aqui para visualizar<\/a><\/div><\/div><\/div>[\/vc_column_inner][\/vc_row_inner][vc_separator type=&#8221;normal&#8221;][vc_row_inner row_type=&#8221;row&#8221; type=&#8221;full_width&#8221; text_align=&#8221;left&#8221; css_animation=&#8221;&#8221;][vc_column_inner width=&#8221;1\/2&#8243;]<div class='q_icon_with_title tiny normal_icon center'><div class=\"icon_holder \" style=\" \"><span data-icon-type=\"normal\"   style=\"\" class=\"qode_iwt_icon_holder q_font_awsome_icon fa-lg \"><i class=\"qode_icon_font_awesome fa fa-link qode_iwt_icon_element\" style=\"\" ><\/i><\/span><\/div><div class=\"icon_text_holder\" style=\"\"><div class=\"icon_text_inner\" style=\"\"><h5 class=\"icon_title\" style=\"\">Secretaria dos Direitos da Pessoa com Defici\u00eancia - SP<\/h5><p style=''><\/p><a itemprop='url' class='icon_with_title_link' href='http:\/\/www.pessoacomdeficiencia.sp.gov.br\/' target='_blank' style=''>Clique aqui para visualizar<\/a><\/div><\/div><\/div>[\/vc_column_inner][vc_column_inner width=&#8221;1\/2&#8243;]<div class='q_icon_with_title tiny normal_icon center'><div class=\"icon_holder \" style=\" \"><span data-icon-type=\"normal\"   style=\"\" class=\"qode_iwt_icon_holder q_font_awsome_icon fa-lg \"><i class=\"qode_icon_font_awesome fa fa-link qode_iwt_icon_element\" style=\"\" ><\/i><\/span><\/div><div class=\"icon_text_holder\" style=\"\"><div class=\"icon_text_inner\" style=\"\"><h5 class=\"icon_title\" style=\"\">M\u00e3es de Peito - Ap\u00f3s perder filha, casal constr\u00f3i parques para crian\u00e7as com defici\u00eancias<\/h5><p style=''><\/p><a itemprop='url' class='icon_with_title_link' href='http:\/\/www.maesdepeito.com.br\/apos-perder-filha-casal-constroi-parques-para-criancas-com-deficiencias\/' target='_blank' style=''>Clique aqui para visualizar<\/a><\/div><\/div><\/div>[\/vc_column_inner][\/vc_row_inner][vc_separator type=&#8221;normal&#8221;][vc_row_inner row_type=&#8221;row&#8221; type=&#8221;full_width&#8221; text_align=&#8221;left&#8221; css_animation=&#8221;&#8221;][vc_column_inner width=&#8221;1\/2&#8243;]<div class='q_icon_with_title tiny normal_icon center'><div class=\"icon_holder \" style=\" \"><span data-icon-type=\"normal\"   style=\"\" class=\"qode_iwt_icon_holder q_font_awsome_icon fa-lg \"><i class=\"qode_icon_font_awesome fa fa-link qode_iwt_icon_element\" style=\"\" ><\/i><\/span><\/div><div class=\"icon_text_holder\" style=\"\"><div class=\"icon_text_inner\" style=\"\"><h5 class=\"icon_title\" style=\"\">Reportagem da Folha VP On-Line<\/h5><p style=''><\/p><a itemprop='url' class='icon_with_title_link' href='http:\/\/www.folhavp.com.br\/index.php?option=com_content&amp;view=article&amp;id=1895:aacd-mooca-ganha-o-primeiro-parque-infantil-adaptado-de-sao-paulo&amp;catid=49:fique-antenado&amp;Itemid=127' target='_blank' style=''>Clique aqui para visualizar<\/a><\/div><\/div><\/div>[\/vc_column_inner][vc_column_inner width=&#8221;1\/2&#8243;]<div class='q_icon_with_title tiny normal_icon center'><div class=\"icon_holder \" style=\" \"><span data-icon-type=\"normal\"   style=\"\" class=\"qode_iwt_icon_holder q_font_awsome_icon fa-lg \"><i class=\"qode_icon_font_awesome fa fa-link qode_iwt_icon_element\" style=\"\" ><\/i><\/span><\/div><div class=\"icon_text_holder\" style=\"\"><div class=\"icon_text_inner\" style=\"\"><h5 class=\"icon_title\" style=\"\">Inaugurado o Parque para Todos na Apae de Cascavel<\/h5><p style=''><\/p><a itemprop='url' class='icon_with_title_link' href='http:\/\/www.jhoje.com.br\/inaugurado-o-parque-para-todos-na-apae-de-cascavel\/' target='_blank' style=''>Clique aqui para visualizar<\/a><\/div><\/div><\/div>[\/vc_column_inner][\/vc_row_inner][vc_separator type=&#8221;normal&#8221;][vc_row_inner row_type=&#8221;row&#8221; type=&#8221;full_width&#8221; text_align=&#8221;left&#8221; css_animation=&#8221;&#8221;][vc_column_inner width=&#8221;1\/2&#8243;]<div class='q_icon_with_title tiny normal_icon center'><div class=\"icon_holder \" style=\" \"><span data-icon-type=\"normal\"   style=\"\" class=\"qode_iwt_icon_holder q_font_awsome_icon fa-lg \"><i class=\"qode_icon_font_awesome fa fa-link qode_iwt_icon_element\" style=\"\" ><\/i><\/span><\/div><div class=\"icon_text_holder\" style=\"\"><div class=\"icon_text_inner\" style=\"\"><h5 class=\"icon_title\" style=\"\">Parque Anna Laura \u00e9 inaugurado na Apae de Cascavel<\/h5><p style=''><\/p><a itemprop='url' class='icon_with_title_link' href='http:\/\/radiocolmeia.com.br\/parque-anna-laura-e-inaugurado-na-apae-de-cascavel\/' target='_blank' style=''>Clique aqui para visualizar<\/a><\/div><\/div><\/div>[\/vc_column_inner][vc_column_inner width=&#8221;1\/2&#8243;]<div class='q_icon_with_title tiny normal_icon center'><div class=\"icon_holder \" style=\" \"><span data-icon-type=\"normal\"   style=\"\" class=\"qode_iwt_icon_holder q_font_awsome_icon fa-lg \"><i class=\"qode_icon_font_awesome fa fa-link qode_iwt_icon_element\" style=\"\" ><\/i><\/span><\/div><div class=\"icon_text_holder\" style=\"\"><div class=\"icon_text_inner\" style=\"\"><h5 class=\"icon_title\" style=\"\">Apae: emo\u00e7\u00e3o marca a inaugura\u00e7\u00e3o do 1\u00ba parque adaptado do Paran\u00e1<\/h5><p style=''><\/p><a itemprop='url' class='icon_with_title_link' href='http:\/\/www.jornalavozdoparana.com.br\/apae-emocao-marca-inauguracao-do-1o-parque-adaptado-do-parana\/' target='_blank' style=''>Clique aqui para visualizar<\/a><\/div><\/div><\/div>[\/vc_column_inner][\/vc_row_inner][vc_separator type=&#8221;normal&#8221;][vc_row_inner row_type=&#8221;row&#8221; type=&#8221;full_width&#8221; text_align=&#8221;left&#8221; css_animation=&#8221;&#8221;][vc_column_inner width=&#8221;1\/2&#8243;]<div class='q_icon_with_title tiny normal_icon center'><div class=\"icon_holder \" style=\" \"><span data-icon-type=\"normal\"   style=\"\" class=\"qode_iwt_icon_holder q_font_awsome_icon fa-lg \"><i class=\"qode_icon_font_awesome fa fa-link qode_iwt_icon_element\" style=\"\" ><\/i><\/span><\/div><div class=\"icon_text_holder\" style=\"\"><div class=\"icon_text_inner\" style=\"\"><h5 class=\"icon_title\" style=\"\">APAE de Cascavel inaugura o 1\u00ba parque adaptado do Paran\u00e1<\/h5><p style=''><\/p><a itemprop='url' class='icon_with_title_link' href='``Apae de Cascavel inaugura o 1\u00ba parque adaptado do Paran\u00e1``, continue lendo em: http:\/\/oparana.com.br\/noticia\/apae-de-cascavel-inaugura-o-1o-parque-adaptado-do-parana' target='_blank' style=''>Clique aqui para visualizar<\/a><\/div><\/div><\/div>[\/vc_column_inner][vc_column_inner width=&#8221;1\/2&#8243;]<div class='q_icon_with_title tiny normal_icon center'><div class=\"icon_holder \" style=\" \"><span data-icon-type=\"normal\"   style=\"\" class=\"qode_iwt_icon_holder q_font_awsome_icon fa-lg \"><i class=\"qode_icon_font_awesome fa fa-link qode_iwt_icon_element\" style=\"\" ><\/i><\/span><\/div><div class=\"icon_text_holder\" style=\"\"><div class=\"icon_text_inner\" style=\"\"><h5 class=\"icon_title\" style=\"\">Apae de Cascavel inaugura primeiro parque adaptado<\/h5><p style=''><\/p><a itemprop='url' class='icon_with_title_link' href='http:\/\/www.apaepr.org.br\/noticia.phtml\/70999' target='_blank' style=''>Clique aqui para visualizar<\/a><\/div><\/div><\/div>[\/vc_column_inner][\/vc_row_inner][vc_separator type=&#8221;normal&#8221;][vc_row_inner row_type=&#8221;row&#8221; type=&#8221;full_width&#8221; text_align=&#8221;left&#8221; css_animation=&#8221;&#8221;][vc_column_inner width=&#8221;1\/2&#8243;]<div class='q_icon_with_title tiny normal_icon center'><div class=\"icon_holder \" style=\" \"><span data-icon-type=\"normal\"   style=\"\" class=\"qode_iwt_icon_holder q_font_awsome_icon fa-lg \"><i class=\"qode_icon_font_awesome fa fa-link qode_iwt_icon_element\" style=\"\" ><\/i><\/span><\/div><div class=\"icon_text_holder\" style=\"\"><div class=\"icon_text_inner\" style=\"\"><h5 class=\"icon_title\" style=\"\">CBN - APAE inaugura primeiro parque adaptado do Paran\u00e1<\/h5><p style=''><\/p><a itemprop='url' class='icon_with_title_link' href='https:\/\/www.cbncascavel.com.br\/apae-inaugura-primeiro-parque-adaptado-do-parana\/' target='_blank' style=''>Clique aqui para visualizar<\/a><\/div><\/div><\/div>[\/vc_column_inner][vc_column_inner width=&#8221;1\/2&#8243;][\/vc_column_inner][\/vc_row_inner][vc_separator type=&#8221;normal&#8221;][\/vc_column][\/vc_row]<\/p>\n<\/div>","protected":false},"excerpt":{"rendered":"<p>[vc_row css_animation=&#8221;&#8221; row_type=&#8221;row&#8221; use_row_as_full_screen_section=&#8221;no&#8221; type=&#8221;full_width&#8221; angled_section=&#8221;no&#8221; text_align=&#8221;left&#8221; background_image_as_pattern=&#8221;without_pattern&#8221;][vc_column][vc_row_inner row_type=&#8221;row&#8221; type=&#8221;full_width&#8221; text_align=&#8221;left&#8221; css_animation=&#8221;&#8221;][vc_column_inner width=&#8221;1\/2&#8243;][\/vc_column_inner][vc_column_inner width=&#8221;1\/2&#8243;][\/vc_column_inner][\/vc_row_inner][vc_separator type=&#8221;normal&#8221;][vc_row_inner row_type=&#8221;row&#8221; type=&#8221;full_width&#8221; text_align=&#8221;left&#8221; css_animation=&#8221;&#8221;][vc_column_inner width=&#8221;1\/2&#8243;][\/vc_column_inner][vc_column_inner width=&#8221;1\/2&#8243;][\/vc_column_inner][\/vc_row_inner][vc_separator type=&#8221;normal&#8221;][vc_row_inner row_type=&#8221;row&#8221; type=&#8221;full_width&#8221; text_align=&#8221;left&#8221; css_animation=&#8221;&#8221;][vc_column_inner width=&#8221;1\/2&#8243;][\/vc_column_inner][vc_column_inner width=&#8221;1\/2&#8243;][\/vc_column_inner][\/vc_row_inner][vc_separator type=&#8221;normal&#8221;][vc_row_inner row_type=&#8221;row&#8221; type=&#8221;full_width&#8221; text_align=&#8221;left&#8221; css_animation=&#8221;&#8221;][vc_column_inner width=&#8221;1\/2&#8243;][\/vc_column_inner][vc_column_inner width=&#8221;1\/2&#8243;][\/vc_column_inner][\/vc_row_inner][vc_separator type=&#8221;normal&#8221;][vc_row_inner row_type=&#8221;row&#8221; type=&#8221;full_width&#8221; text_align=&#8221;left&#8221; css_animation=&#8221;&#8221;][vc_column_inner width=&#8221;1\/2&#8243;][\/vc_column_inner][vc_column_inner width=&#8221;1\/2&#8243;][\/vc_column_inner][\/vc_row_inner][vc_separator type=&#8221;normal&#8221;][vc_row_inner row_type=&#8221;row&#8221; type=&#8221;full_width&#8221;&#8230;<\/p>\n","protected":false},"author":1,"featured_media":0,"parent":0,"menu_order":0,"comment_status":"closed","ping_status":"closed","template":"","meta":{"om_disable_all_campaigns":false,"footnotes":""},"class_list":["post-15642","page","type-page","status-publish","hentry"],"_links":{"self":[{"href":"http:\/\/moral.com.br\/alpapato\/wp-json\/wp\/v2\/pages\/15642","targetHints":{"allow":["GET"]}}],"collection":[{"href":"http:\/\/moral.com.br\/alpapato\/wp-json\/wp\/v2\/pages"}],"about":[{"href":"http:\/\/moral.com.br\/alpapato\/wp-json\/wp\/v2\/types\/page"}],"author":[{"embeddable":true,"href":"http:\/\/moral.com.br\/alpapato\/wp-json\/wp\/v2\/users\/1"}],"replies":[{"embeddable":true,"href":"http:\/\/moral.com.br\/alpapato\/wp-json\/wp\/v2\/comments?post=15642"}],"version-history":[{"count":18,"href":"http:\/\/moral.com.br\/alpapato\/wp-json\/wp\/v2\/pages\/15642\/revisions"}],"predecessor-version":[{"id":16041,"href":"http:\/\/moral.com.br\/alpapato\/wp-json\/wp\/v2\/pages\/15642\/revisions\/16041"}],"wp:attachment":[{"href":"http:\/\/moral.com.br\/alpapato\/wp-json\/wp\/v2\/media?parent=15642"}],"curies":[{"name":"wp","href":"https:\/\/api.w.org\/{rel}","templated":true}]}}