{"id":15253,"date":"2015-05-12T13:52:00","date_gmt":"2015-05-12T13:52:00","guid":{"rendered":"http:\/\/demo.qodeinteractive.com\/bridge109\/?page_id=15253"},"modified":"2017-05-17T20:13:50","modified_gmt":"2017-05-17T20:13:50","slug":"home","status":"publish","type":"page","link":"http:\/\/moral.com.br\/alpapato\/","title":{"rendered":"Home"},"content":{"rendered":"<div class=\"wpb-content-wrapper\"><p>[vc_row css_animation=&#8221;&#8221; row_type=&#8221;row&#8221; use_row_as_full_screen_section=&#8221;no&#8221; type=&#8221;grid&#8221; anchor=&#8221;quemsomos&#8221; angled_section=&#8221;yes&#8221; angled_section_position=&#8221;top&#8221; angled_section_direction=&#8221;from_right_to_left&#8221; text_align=&#8221;left&#8221; background_image_as_pattern=&#8221;without_pattern&#8221; background_color=&#8221;#ffffff&#8221; padding_top=&#8221;30&#8243; padding_bottom=&#8221;20&#8243;][vc_column width=&#8221;1\/2&#8243; css=&#8221;.vc_custom_1482761387121{padding-bottom: 20px !important;}&#8221;][vc_single_image image=&#8221;15552&#8243; img_size=&#8221;large&#8221; add_caption=&#8221;yes&#8221; alignment=&#8221;center&#8221; qode_css_animation=&#8221;element_from_fade&#8221; transition_delay=&#8221;0.04&#8243;][\/vc_column][vc_column width=&#8221;1\/2&#8243;][vc_separator type=&#8221;transparent&#8221; up=&#8221;75&#8243; down=&#8221;0&#8243;][vc_column_text]<\/p>\n<h3>QUEM SOMOS<\/h3>\n<p>[\/vc_column_text][vc_separator type=&#8221;normal&#8221; color=&#8221;#8224e3&#8243; gradient_color=&#8221;yes&#8221; up=&#8221;20&#8243; down=&#8221;45&#8243;][vc_column_text]<span style=\"color: #000000;\">O Projeto <strong>ALPAPATO<\/strong>, <strong>Anna Laura Parques Para Todos<\/strong>, foi criado como uma homenagem a <strong>Anna Laura Petlik Fischer<\/strong>, uma menina alegre, linda, saud\u00e1vel e inteligente que nos deixou em 30\/05\/2012. Participam deste projeto v\u00e1rias pessoas, institui\u00e7\u00f5es e empresas. Conhe\u00e7a nossos colaboradores.<\/span><\/p>\n<p>&nbsp;<\/p>\n<p><span style=\"color: #000000;\">Criaremos e doaremos at\u00e9 quatro parques acess\u00edveis por ano todos os anos exclusivamente com recursos pr\u00f3prios. O primeiro parque foi inaugurado na AACD da Mooca em 25\/01\/2014.<\/span><\/p>\n<p>&nbsp;<\/p>\n<p><span style=\"color: #000000;\">O Projeto <strong>ANNA LAURA PARQUES PARA TODOS<\/strong> disponibiliza espa\u00e7os estruturados que proporcionam alegria, integra\u00e7\u00e3o e desafios\u00a0para todos, pois\u00a0\u00e9 composto por recursos l\u00fadicos que propiciam \u00e0s crian\u00e7as com e sem defici\u00eancia a possibilidade de\u00a0compartilharem\u00a0experi\u00eancias.<\/span><\/p>\n<p>&nbsp;<\/p>\n<p><span style=\"color: #000000;\">Desta forma, as crian\u00e7as com mobilidade reduzida e\/ou altera\u00e7\u00f5es sensoriais e intelectuais ter\u00e3o a oportunidade de brincar de forma segura e ampliar experi\u00eancias motoras, cognitivas e sensoriais, favorecendo a melhora da autoestima\u00a0e promovendo a acessibilidade social.<\/span>[\/vc_column_text][vc_separator type=&#8221;transparent&#8221; up=&#8221;45&#8243; down=&#8221;0&#8243;][\/vc_column][\/vc_row][vc_row css_animation=&#8221;&#8221; row_type=&#8221;row&#8221; use_row_as_full_screen_section=&#8221;no&#8221; type=&#8221;grid&#8221; anchor=&#8221;objetivos&#8221; angled_section=&#8221;yes&#8221; angled_section_position=&#8221;top&#8221; angled_section_direction=&#8221;from_right_to_left&#8221; text_align=&#8221;left&#8221; background_image_as_pattern=&#8221;without_pattern&#8221; background_color=&#8221;#f9f9f9&#8243; padding_top=&#8221;20&#8243; padding_bottom=&#8221;0&#8243;][vc_column][vc_column_text]<\/p>\n<h3>OBJETIVOS<\/h3>\n<p>[\/vc_column_text][vc_separator type=&#8221;normal&#8221; color=&#8221;#8224e3&#8243; gradient_color=&#8221;yes&#8221; up=&#8221;20&#8243; down=&#8221;45&#8243;][\/vc_column][vc_column width=&#8221;1\/3&#8243;]<div class='q_icon_with_title tiny normal_icon'><div class=\"icon_holder \" style=\" \"><span data-icon-type=\"normal\"   style=\"font-size: 35px;\" class=\"qode_iwt_icon_holder q_font_awsome_icon fa-lg \"><span aria-hidden=\"true\" class=\"qode_icon_font_elegant icon_ribbon_alt qode_iwt_icon_element\" style=\"color: #d2d2d2;\" ><\/span><\/span><\/div><div class=\"icon_text_holder\" style=\"padding-left:70px;\"><div class=\"icon_text_inner\" style=\"\"><h5 class=\"icon_title\" style=\"\">SOCIALIZA\u00c7\u00c3O<\/h5><p style=''>Permitir a conviv\u00eancia de crian\u00e7as com e sem defici\u00eancia<\/p><\/div><\/div><\/div>[vc_separator type=&#8221;transparent&#8221; up=&#8221;40&#8243;][\/vc_column][vc_column width=&#8221;1\/3&#8243;]<div class='q_icon_with_title tiny normal_icon'><div class=\"icon_holder \" style=\" \"><span data-icon-type=\"normal\"   style=\"font-size: 35px;\" class=\"qode_iwt_icon_holder q_font_awsome_icon fa-lg \"><span aria-hidden=\"true\" class=\"qode_icon_font_elegant icon_globe qode_iwt_icon_element\" style=\"color: #d2d2d2;\" ><\/span><\/span><\/div><div class=\"icon_text_holder\" style=\"padding-left:70px;\"><div class=\"icon_text_inner\" style=\"\"><h5 class=\"icon_title\" style=\"\">TERAPIA<\/h5><p style=''>Cada aparelho trabalha uma ou mais fun\u00e7\u00f5es relacionadas a diversas defici\u00eancias<\/p><\/div><\/div><\/div>[vc_separator type=&#8221;transparent&#8221; up=&#8221;40&#8243;][\/vc_column][vc_column width=&#8221;1\/3&#8243;]<div class='q_icon_with_title tiny normal_icon'><div class=\"icon_holder \" style=\" \"><span data-icon-type=\"normal\"   style=\"font-size: 35px;\" class=\"qode_iwt_icon_holder q_font_awsome_icon fa-lg \"><span aria-hidden=\"true\" class=\"qode_icon_font_elegant icon_bag_alt qode_iwt_icon_element\" style=\"color: #d2d2d2;\" ><\/span><\/span><\/div><div class=\"icon_text_holder\" style=\"padding-left:70px;\"><div class=\"icon_text_inner\" style=\"\"><h5 class=\"icon_title\" style=\"\">LAZER<\/h5><p style=''>Oferecer espa\u00e7os de recrea\u00e7\u00e3o acess\u00edveis a todas as crian\u00e7as<\/p><\/div><\/div><\/div>[vc_separator type=&#8221;transparent&#8221; up=&#8221;40&#8243;][\/vc_column][\/vc_row][vc_row css_animation=&#8221;&#8221; row_type=&#8221;row&#8221; use_row_as_full_screen_section=&#8221;no&#8221; type=&#8221;grid&#8221; angled_section=&#8221;yes&#8221; angled_section_position=&#8221;bottom&#8221; angled_section_direction=&#8221;from_right_to_left&#8221; text_align=&#8221;left&#8221; background_image_as_pattern=&#8221;without_pattern&#8221; background_color=&#8221;#f9f9f9&#8243; padding_top=&#8221;0&#8243; padding_bottom=&#8221;40&#8243;][vc_column width=&#8221;1\/3&#8243;]<div class='q_icon_with_title tiny normal_icon'><div class=\"icon_holder \" style=\" \"><span data-icon-type=\"normal\"   style=\"font-size: 35px;\" class=\"qode_iwt_icon_holder q_font_awsome_icon fa-lg \"><span aria-hidden=\"true\" class=\"qode_icon_font_elegant icon_lightbulb_alt qode_iwt_icon_element\" style=\"color: #d2d2d2;\" ><\/span><\/span><\/div><div class=\"icon_text_holder\" style=\"padding-left:70px;\"><div class=\"icon_text_inner\" style=\"\"><h5 class=\"icon_title\" style=\"\">TECNOLOGIA<\/h5><p style=''>Criar e ofertar sem \u00f4nus, tecnologia de parques acess\u00edveis ao ar livre para todos.<\/p><\/div><\/div><\/div>[vc_separator type=&#8221;transparent&#8221; up=&#8221;40&#8243;][\/vc_column][vc_column width=&#8221;1\/3&#8243;]<div class='q_icon_with_title tiny normal_icon'><div class=\"icon_holder \" style=\" \"><span data-icon-type=\"normal\"   style=\"font-size: 35px;\" class=\"qode_iwt_icon_holder q_font_awsome_icon fa-lg \"><span aria-hidden=\"true\" class=\"qode_icon_font_elegant icon_briefcase qode_iwt_icon_element\" style=\"color: #d2d2d2;\" ><\/span><\/span><\/div><div class=\"icon_text_holder\" style=\"padding-left:70px;\"><div class=\"icon_text_inner\" style=\"\"><h5 class=\"icon_title\" style=\"\">N\u00daCLEO DE A\u00c7\u00c3O<\/h5><p style=''>Criar polos de a\u00e7\u00e3o e de eventos para crian\u00e7as com e sem defici\u00eancias<\/p><\/div><\/div><\/div>[vc_separator type=&#8221;transparent&#8221; up=&#8221;40&#8243;][\/vc_column][vc_column width=&#8221;1\/3&#8243;][vc_separator type=&#8221;transparent&#8221; up=&#8221;40&#8243;][\/vc_column][\/vc_row][vc_row row_type=&#8221;parallax&#8221; parallax_content_width=&#8221;in_grid&#8221; text_align=&#8221;left&#8221; background_image=&#8221;15577&#8243; full_screen_section_height=&#8221;no&#8221; section_height=&#8221;500&#8243;][vc_column width=&#8221;1\/6&#8243;][\/vc_column][vc_column width=&#8221;2\/3&#8243;][vc_separator type=&#8221;transparent&#8221; up=&#8221;150&#8243; down=&#8221;0&#8243;][vc_separator type=&#8221;transparent&#8221; up=&#8221;150&#8243; down=&#8221;0&#8243;][\/vc_column][vc_column width=&#8221;1\/6&#8243;][\/vc_column][\/vc_row][vc_row css_animation=&#8221;&#8221; row_type=&#8221;row&#8221; use_row_as_full_screen_section=&#8221;no&#8221; type=&#8221;grid&#8221; anchor=&#8221;parques&#8221; angled_section=&#8221;no&#8221; text_align=&#8221;left&#8221; background_image_as_pattern=&#8221;without_pattern&#8221; padding_top=&#8221;15&#8243;][vc_column][vc_column_text]<\/p>\n<h3>PARQUES DOADOS<\/h3>\n<p>[\/vc_column_text][vc_separator type=&#8221;normal&#8221; color=&#8221;#8224e3&#8243; gradient_color=&#8221;yes&#8221; up=&#8221;20&#8243; down=&#8221;45&#8243;][vc_row_inner row_type=&#8221;row&#8221; type=&#8221;full_width&#8221; text_align=&#8221;left&#8221; css_animation=&#8221;&#8221;][vc_column_inner]<div class=\"masonry_gallery_holder  \" data-parallax_item_speed=\"0.3\" data-parallax_item_offset=\"0\"><div class=\"grid-sizer\"><\/div><article class=\"masonry_gallery_item rectangle_landscape with_button \"><div class = \"masonry_gallery_image_holder\"><img loading=\"lazy\" decoding=\"async\" width=\"1000\" height=\"500\" src=\"http:\/\/moral.com.br\/alpapato\/wp-content\/uploads\/2013\/10\/foto1-2-1000x500.jpg\" class=\"attachment-portfolio_masonry_wide size-portfolio_masonry_wide wp-post-image\" alt=\"\" \/><\/div><div class=\"masonry_gallery_item_outer\"><div class=\"masonry_gallery_item_inner\"><div class=\"masonry_gallery_item_content\"><h3 itemprop=\"name\">Parque APAE Araraquara<\/h3><p class=\"masonry_gallery_item_text\">Araraquara - SP<\/p><a itemprop=\"url\" href=\"\/alpapato\/parque-apae-araraquara\/\" class=\"qbutton masonry_gallery_item_button\" target=\"_self\">Visualizar<\/a><\/div><\/div><\/div><\/article><article class=\"masonry_gallery_item rectangle_landscape with_button \"><div class = \"masonry_gallery_image_holder\"><img loading=\"lazy\" decoding=\"async\" width=\"1000\" height=\"500\" src=\"http:\/\/moral.com.br\/alpapato\/wp-content\/uploads\/2017\/04\/cascavel3-1-1000x500.jpg\" class=\"attachment-portfolio_masonry_wide size-portfolio_masonry_wide wp-post-image\" alt=\"\" \/><\/div><div class=\"masonry_gallery_item_outer\"><div class=\"masonry_gallery_item_inner\"><div class=\"masonry_gallery_item_content\"><h3 itemprop=\"name\">Parque APAE Cascavel<\/h3><p class=\"masonry_gallery_item_text\">Cascavel - PR<\/p><a itemprop=\"url\" href=\"\/alpapato\/parque-apae-cascavel-pr\/\" class=\"qbutton masonry_gallery_item_button\" target=\"_self\">Visualizar<\/a><\/div><\/div><\/div><\/article><article class=\"masonry_gallery_item rectangle_landscape with_button \"><div class = \"masonry_gallery_image_holder\"><img loading=\"lazy\" decoding=\"async\" width=\"1000\" height=\"500\" src=\"http:\/\/moral.com.br\/alpapato\/wp-content\/uploads\/2017\/04\/natal1-1000x500.jpg\" class=\"attachment-portfolio_masonry_wide size-portfolio_masonry_wide wp-post-image\" alt=\"\" \/><\/div><div class=\"masonry_gallery_item_outer\"><div class=\"masonry_gallery_item_inner\"><div class=\"masonry_gallery_item_content\"><h3 itemprop=\"name\">Parque Centro Especializado<\/h3><p class=\"masonry_gallery_item_text\">Natal - RN<\/p><a itemprop=\"url\" href=\"\/alpapato\/parque-centro-especializado-natal\/\" class=\"qbutton masonry_gallery_item_button\" target=\"_self\">Visualizar<\/a><\/div><\/div><\/div><\/article><article class=\"masonry_gallery_item rectangle_landscape with_button \"><div class = \"masonry_gallery_image_holder\"><img loading=\"lazy\" decoding=\"async\" width=\"1000\" height=\"500\" src=\"http:\/\/moral.com.br\/alpapato\/wp-content\/uploads\/2017\/04\/recife_2-1000x500.jpg\" class=\"attachment-portfolio_masonry_wide size-portfolio_masonry_wide wp-post-image\" alt=\"\" \/><\/div><div class=\"masonry_gallery_item_outer\"><div class=\"masonry_gallery_item_inner\"><div class=\"masonry_gallery_item_content\"><h3 itemprop=\"name\">Parque Santana<\/h3><p class=\"masonry_gallery_item_text\">Recife - PE<\/p><a itemprop=\"url\" href=\"http:\/\/moral.com.br\/alpapato\/parque-santana-recife\/\" class=\"qbutton masonry_gallery_item_button\" target=\"_self\">Visualizar<\/a><\/div><\/div><\/div><\/article><article class=\"masonry_gallery_item rectangle_landscape with_button \"><div class = \"masonry_gallery_image_holder\"><img loading=\"lazy\" decoding=\"async\" width=\"1000\" height=\"500\" src=\"http:\/\/moral.com.br\/alpapato\/wp-content\/uploads\/2013\/10\/foto1-3-1000x500.jpg\" class=\"attachment-portfolio_masonry_wide size-portfolio_masonry_wide wp-post-image\" alt=\"Parque do Cordeiro\" \/><\/div><div class=\"masonry_gallery_item_outer\"><div class=\"masonry_gallery_item_inner\"><div class=\"masonry_gallery_item_content\"><h3 itemprop=\"name\">Parque do Cordeiro, Prefeitura de S\u00e3o Paulo<\/h3><p class=\"masonry_gallery_item_text\">S\u00e3o Paulo - SP<\/p><a itemprop=\"url\" href=\"\/alpapato\/parque-cordeiro-pmsp\/\" class=\"qbutton masonry_gallery_item_button\" target=\"_self\">Visualizar<\/a><\/div><\/div><\/div><\/article><article class=\"masonry_gallery_item rectangle_landscape with_button \"><div class = \"masonry_gallery_image_holder\"><img loading=\"lazy\" decoding=\"async\" width=\"1000\" height=\"500\" src=\"http:\/\/moral.com.br\/alpapato\/wp-content\/uploads\/2013\/10\/inauguracao2-1000x500.jpg\" class=\"attachment-portfolio_masonry_wide size-portfolio_masonry_wide wp-post-image\" alt=\"Inaugura\u00e7\u00e3o Parque da Mooca\" \/><\/div><div class=\"masonry_gallery_item_outer\"><div class=\"masonry_gallery_item_inner\"><div class=\"masonry_gallery_item_content\"><h3 itemprop=\"name\">Parque Mooca, AACD<\/h3><p class=\"masonry_gallery_item_text\">S\u00e3o Paulo - SP<\/p><a itemprop=\"url\" href=\"\/alpapato\/parque-da-mooca-aacd\/\" class=\"qbutton masonry_gallery_item_button\" target=\"_self\">Visualizar<\/a><\/div><\/div><\/div><\/article><\/div>[\/vc_column_inner][\/vc_row_inner][\/vc_column][\/vc_row]<\/p>\n<\/div>","protected":false},"excerpt":{"rendered":"<p>[vc_row css_animation=&#8221;&#8221; row_type=&#8221;row&#8221; use_row_as_full_screen_section=&#8221;no&#8221; type=&#8221;grid&#8221; anchor=&#8221;quemsomos&#8221; angled_section=&#8221;yes&#8221; angled_section_position=&#8221;top&#8221; angled_section_direction=&#8221;from_right_to_left&#8221; text_align=&#8221;left&#8221; background_image_as_pattern=&#8221;without_pattern&#8221; background_color=&#8221;#ffffff&#8221; padding_top=&#8221;30&#8243; padding_bottom=&#8221;20&#8243;][vc_column width=&#8221;1\/2&#8243; css=&#8221;.vc_custom_1482761387121{padding-bottom: 20px !important;}&#8221;][vc_single_image image=&#8221;15552&#8243; img_size=&#8221;large&#8221; add_caption=&#8221;yes&#8221; alignment=&#8221;center&#8221; qode_css_animation=&#8221;element_from_fade&#8221; transition_delay=&#8221;0.04&#8243;][\/vc_column][vc_column width=&#8221;1\/2&#8243;][vc_separator type=&#8221;transparent&#8221; up=&#8221;75&#8243; down=&#8221;0&#8243;][vc_column_text] QUEM SOMOS [\/vc_column_text][vc_separator type=&#8221;normal&#8221; color=&#8221;#8224e3&#8243; gradient_color=&#8221;yes&#8221; up=&#8221;20&#8243; down=&#8221;45&#8243;][vc_column_text]O Projeto ALPAPATO, Anna Laura Parques Para Todos, foi criado&#8230;<\/p>\n","protected":false},"author":1,"featured_media":0,"parent":0,"menu_order":0,"comment_status":"open","ping_status":"open","template":"full_width.php","meta":{"om_disable_all_campaigns":false,"footnotes":""},"class_list":["post-15253","page","type-page","status-publish","hentry"],"_links":{"self":[{"href":"http:\/\/moral.com.br\/alpapato\/wp-json\/wp\/v2\/pages\/15253","targetHints":{"allow":["GET"]}}],"collection":[{"href":"http:\/\/moral.com.br\/alpapato\/wp-json\/wp\/v2\/pages"}],"about":[{"href":"http:\/\/moral.com.br\/alpapato\/wp-json\/wp\/v2\/types\/page"}],"author":[{"embeddable":true,"href":"http:\/\/moral.com.br\/alpapato\/wp-json\/wp\/v2\/users\/1"}],"replies":[{"embeddable":true,"href":"http:\/\/moral.com.br\/alpapato\/wp-json\/wp\/v2\/comments?post=15253"}],"version-history":[{"count":57,"href":"http:\/\/moral.com.br\/alpapato\/wp-json\/wp\/v2\/pages\/15253\/revisions"}],"predecessor-version":[{"id":16044,"href":"http:\/\/moral.com.br\/alpapato\/wp-json\/wp\/v2\/pages\/15253\/revisions\/16044"}],"wp:attachment":[{"href":"http:\/\/moral.com.br\/alpapato\/wp-json\/wp\/v2\/media?parent=15253"}],"curies":[{"name":"wp","href":"https:\/\/api.w.org\/{rel}","templated":true}]}}